{"id":1158,"date":"2025-04-09T00:00:00","date_gmt":"2025-04-09T00:00:00","guid":{"rendered":"https:\/\/bmdprekyba.lt\/?post_type=product&#038;p=1158"},"modified":"2026-01-09T12:01:23","modified_gmt":"2026-01-09T12:01:23","slug":"kasonic-saules-maitinantis-sviestuvai-ip65-vandeniui-atsparus-lauko-judejimo-zibintai-su-4-galvu-plataus-kampo-apsvietimu-4-vnt","status":"publish","type":"product","link":"https:\/\/bmdprekyba.lt\/en\/product\/kasonic-saules-maitinantis-sviestuvai-ip65-vandeniui-atsparus-lauko-judejimo-zibintai-su-4-galvu-plataus-kampo-apsvietimu-4-vnt\/","title":{"rendered":"KASONIC saules maitinantis \u0161viestuvai, IP65 vandeniui atspar\u016bs lauko jud\u0117jimo \u017eibintai su 4 galv\u0173 plataus kampo ap\u0161vietimu"},"content":{"rendered":"<p>4 galvu\u010di\u0173 didelio ry\u0161kumo saul\u0117s energija varomas \u0161viestuvas: M\u016bs\u0173 saul\u0117s energija varomas apsauginis \u0161viestuvas pasi\u017eymi 4 galvu\u010di\u0173 konstrukcija su \u012fmontuotais itin ry\u0161kiais LED, u\u017etikrinan\u010diais didel\u012f ir reguliuojam\u0105 ry\u0161kum\u0105, tinkant\u012f \u012fvairioms lauko aplinkoms, tokioms kaip kiemai, gara\u017eai ir automobili\u0173 stov\u0117jimo aik\u0161tel\u0117s.<\/p>\n<p>Judesio jutikliai su nuotolinio valdymo pultu: \u012erengtas i\u0161manusis judesio jutiklis, saul\u0117s energija varomas LED apsauginis \u0161viestuvas automati\u0161kai \u012fsijungia ir i\u0161sijungia aptikus judes\u012f iki 8 m atstumu, u\u017etikrindamas skland\u0173 ap\u0161vietim\u0105 ir papildom\u0105 saugum\u0105 lauko erdv\u0117se.<\/p>\n<p>Atsparus visoms oro s\u0105lygoms: Pagamintas i\u0161 patvarios ABS med\u017eiagos ir pasi\u017eymintis IP65 atsparumo vandeniui \u012fvertinimu, 4 galvu\u010di\u0173 apsauginis \u0161viestuvas atlaiko ekstremalias oro s\u0105lygas, u\u017etikrindamas nuolatin\u0119 apsaug\u0105 ir funkcionalum\u0105.<\/p>\n<p>Lengvas montavimas: Nereikia joki\u0173 buitini\u0173 elektros grandini\u0173 ar adapteri\u0173, saul\u0117s energija varomas judesio \u0161viestuvas lengvai montuojamas ant bet kurios i\u0161orin\u0117s sienos naudojant pridedamus var\u017etus, tod\u0117l j\u012f lengva sumontuoti ir jis yra patogus.<\/p>\n<p>Ry\u0161k\u016bs saul\u0117s energija varomi judesio jutikliai: M\u016bs\u0173 saul\u0117s energija varomas apsauginis \u0161viestuvas su 4 galvu\u010di\u0173 konstrukcija u\u017etikrina galing\u0105 ap\u0161vietim\u0105 d\u0117l pa\u017eangios SMD 2835 LED technologijos, u\u017etikrinant didel\u012f ry\u0161kum\u0105 su kiekvienu LED, padidinant matomum\u0105 ir saugum\u0105 lauko erdv\u0117se.<\/p>\n<p>Platus ap\u0161vietimo plotas: Novatori\u0161kas plataus kampo ir&#8230; 4 saul\u0117s energija varom\u0173 apsaugini\u0173 \u0161viestuv\u0173 konstrukcija leid\u017eia lanks\u010diai reguliuoti ap\u0161vietimo krypt\u012f ir kamp\u0105, apr\u0117piant iki 270\u00b0 kamp\u0105 ir 5\u20138 m jutimo atstum\u0105, u\u017etikrinant pritaikomas ap\u0161vietimo galimybes \u012fvairioms lauko erdv\u0117ms ir veiklai.<\/p>\n<p>Patvarus ir atsparus oro s\u0105lygoms dizainas: pagaminti i\u0161 patvarios ABS med\u017eiagos ir turintys IP65 atsparumo vandeniui \u012fvertinim\u0105, saul\u0117s energija varomi \u0161viestuvai atlaiko aplinkos veiksnius, u\u017etikrindami patikim\u0105 veikim\u0105 \u012fvairiomis oro s\u0105lygomis ir suteikdami ilgalaik\u0119 apsaug\u0105.<\/p>\n<p>&nbsp;<\/p>","protected":false},"excerpt":{"rendered":"<p>4 galvu\u010di\u0173 didelio ry\u0161kumo saul\u0117s energija varomas \u0161viestuvas: M\u016bs\u0173 saul\u0117s energija varomas apsauginis \u0161viestuvas pasi\u017eymi 4 galvu\u010di\u0173 konstrukcija su \u012fmontuotais itin ry\u0161kiais LED, u\u017etikrinan\u010diais didel\u012f ir reguliuojam\u0105 ry\u0161kum\u0105, tinkant\u012f \u012fvairioms lauko aplinkoms, tokioms kaip kiemai, gara\u017eai ir automobili\u0173 stov\u0117jimo aik\u0161tel\u0117s. Judesio jutikliai su nuotolinio valdymo pultu: \u012erengtas i\u0161manusis judesio jutiklis, saul\u0117s energija varomas LED apsauginis [&hellip;]<\/p>\n","protected":false},"featured_media":1543,"comment_status":"open","ping_status":"closed","template":"","meta":{"_acf_changed":false,"inline_featured_image":false},"product_brand":[],"product_cat":[50],"product_tag":[],"class_list":{"0":"post-1158","1":"product","2":"type-product","3":"status-publish","4":"has-post-thumbnail","6":"product_cat-apsvietimas","8":"first","9":"instock","10":"taxable","11":"shipping-taxable","12":"purchasable","13":"product-type-simple"},"acf":[],"_links":{"self":[{"href":"https:\/\/bmdprekyba.lt\/en\/wp-json\/wp\/v2\/product\/1158","targetHints":{"allow":["GET"]}}],"collection":[{"href":"https:\/\/bmdprekyba.lt\/en\/wp-json\/wp\/v2\/product"}],"about":[{"href":"https:\/\/bmdprekyba.lt\/en\/wp-json\/wp\/v2\/types\/product"}],"replies":[{"embeddable":true,"href":"https:\/\/bmdprekyba.lt\/en\/wp-json\/wp\/v2\/comments?post=1158"}],"wp:featuredmedia":[{"embeddable":true,"href":"https:\/\/bmdprekyba.lt\/en\/wp-json\/wp\/v2\/media\/1543"}],"wp:attachment":[{"href":"https:\/\/bmdprekyba.lt\/en\/wp-json\/wp\/v2\/media?parent=1158"}],"wp:term":[{"taxonomy":"product_brand","embeddable":true,"href":"https:\/\/bmdprekyba.lt\/en\/wp-json\/wp\/v2\/product_brand?post=1158"},{"taxonomy":"product_cat","embeddable":true,"href":"https:\/\/bmdprekyba.lt\/en\/wp-json\/wp\/v2\/product_cat?post=1158"},{"taxonomy":"product_tag","embeddable":true,"href":"https:\/\/bmdprekyba.lt\/en\/wp-json\/wp\/v2\/product_tag?post=1158"}],"curies":[{"name":"wp","href":"https:\/\/api.w.org\/{rel}","templated":true}]}}