{"id":1157,"date":"2025-04-09T00:00:00","date_gmt":"2025-04-09T00:00:00","guid":{"rendered":"https:\/\/bmdprekyba.lt\/?post_type=product&#038;p=1157"},"modified":"2026-01-09T12:01:22","modified_gmt":"2026-01-09T12:01:22","slug":"lsoar-rj45-uzspaudimo-repliu-rinkinis-tinklo-irankis-tinklo-jungtims-cat5-cat6-cat7","status":"publish","type":"product","link":"https:\/\/bmdprekyba.lt\/en\/product\/lsoar-rj45-uzspaudimo-repliu-rinkinis-tinklo-irankis-tinklo-jungtims-cat5-cat6-cat7\/","title":{"rendered":"Lsoar rj45 u\u017espaudimo repli\u0173 rinkinis. Tinklo \u012frankis tinklo jungtims CAT5\/CAT6\/CAT7"},"content":{"rendered":"<p>Daugiafunkcinis tinklo \u012frankis: Ethernet u\u017espaudimo \u012frankis, idealiai tinkantis CAT5e, CAT6, CAT6A ir CAT7 kabeliams, taip pat RJ11\/RJ12 standart\u0173 ir RJ45 perjungiamosioms jungtims su kry\u017eminiais antgaliais nuimti, nupjauti ir u\u017espausti.<\/p>\n<p>[Platus suderinamumas] Reguliuojant reguliavimo var\u017et\u0105, RJ45 u\u017espaudimo \u012frank\u012f galima konvertuoti i\u0161 CAT5\/6 jung\u010di\u0173 \u012f jungt\u012f, skirt\u0105 CAT6A tinklo ki\u0161tukams ir CAT7 jungtims, tod\u0117l jis yra universalus.<br \/>\n[Ekenuoto kabelio u\u017espaudimas] \u0160is RJ45 u\u017espaudimo \u012frankis tinka tiek ekranuotoms, tiek neekranuotoms modulin\u0117ms jungtims, ypa\u010d modulin\u0117ms ki\u0161tukams su metaliniais kry\u017eminiais antgaliais.<br \/>\n[Pass-Through technologija] Sulygiuojamas su jungties galu, kad b\u016bt\u0173 i\u0161vengta atsitiktinio laidinink\u0173 kontakto. Tai \u017eymiai sutrumpina paruo\u0161imo laik\u0105 ir leid\u017eia net pradedantiesiems greitai prad\u0117ti ir i\u0161mokti lengvai u\u017espausti.<br \/>\n\u012e komplekt\u0105 \u012feina: 1 x RJ45 u\u017espaudimo \u012frankis, 50 x CAT6 jung\u010di\u0173, 50 x CAT6 apsaugos nuo nustatym\u0173, 1 x tinklo tikrinimo \u012frankis, 1 x mini laid\u0173 nu\u017eievinimo \u012frankis, 1 x 6 coli\u0173 \u012fstri\u017eos repl\u0117s, 1 x atsuktuvas, 1 x juodas \u012franki\u0173 krep\u0161ys, 1 x naudojimo instrukcija (angl\u0173 kalba negarantuojama).<\/p>\n","protected":false},"excerpt":{"rendered":"<p>Daugiafunkcinis tinklo \u012frankis: Ethernet u\u017espaudimo \u012frankis, idealiai tinkantis CAT5e, CAT6, CAT6A ir CAT7 kabeliams, taip pat RJ11\/RJ12 standart\u0173 ir RJ45 perjungiamosioms jungtims su kry\u017eminiais antgaliais nuimti, nupjauti ir u\u017espausti. [Platus suderinamumas] Reguliuojant reguliavimo var\u017et\u0105, RJ45 u\u017espaudimo \u012frank\u012f galima konvertuoti i\u0161 CAT5\/6 jung\u010di\u0173 \u012f jungt\u012f, skirt\u0105 CAT6A tinklo ki\u0161tukams ir CAT7 jungtims, tod\u0117l jis yra universalus. [&hellip;]<\/p>\n","protected":false},"featured_media":1539,"comment_status":"open","ping_status":"closed","template":"","meta":{"_acf_changed":false,"inline_featured_image":false},"product_brand":[],"product_cat":[79],"product_tag":[],"class_list":{"0":"post-1157","1":"product","2":"type-product","3":"status-publish","4":"has-post-thumbnail","6":"product_cat-irankiai","8":"first","9":"instock","10":"taxable","11":"shipping-taxable","12":"purchasable","13":"product-type-simple"},"acf":[],"_links":{"self":[{"href":"https:\/\/bmdprekyba.lt\/en\/wp-json\/wp\/v2\/product\/1157","targetHints":{"allow":["GET"]}}],"collection":[{"href":"https:\/\/bmdprekyba.lt\/en\/wp-json\/wp\/v2\/product"}],"about":[{"href":"https:\/\/bmdprekyba.lt\/en\/wp-json\/wp\/v2\/types\/product"}],"replies":[{"embeddable":true,"href":"https:\/\/bmdprekyba.lt\/en\/wp-json\/wp\/v2\/comments?post=1157"}],"wp:featuredmedia":[{"embeddable":true,"href":"https:\/\/bmdprekyba.lt\/en\/wp-json\/wp\/v2\/media\/1539"}],"wp:attachment":[{"href":"https:\/\/bmdprekyba.lt\/en\/wp-json\/wp\/v2\/media?parent=1157"}],"wp:term":[{"taxonomy":"product_brand","embeddable":true,"href":"https:\/\/bmdprekyba.lt\/en\/wp-json\/wp\/v2\/product_brand?post=1157"},{"taxonomy":"product_cat","embeddable":true,"href":"https:\/\/bmdprekyba.lt\/en\/wp-json\/wp\/v2\/product_cat?post=1157"},{"taxonomy":"product_tag","embeddable":true,"href":"https:\/\/bmdprekyba.lt\/en\/wp-json\/wp\/v2\/product_tag?post=1157"}],"curies":[{"name":"wp","href":"https:\/\/api.w.org\/{rel}","templated":true}]}}