{"id":1156,"date":"2025-04-09T00:00:00","date_gmt":"2025-04-09T00:00:00","guid":{"rendered":"https:\/\/bmdprekyba.lt\/?post_type=product&#038;p=1156"},"modified":"2026-01-09T12:01:22","modified_gmt":"2026-01-09T12:01:22","slug":"rankinis-keltuvas-susidedantis-is-2-keltuvu-tikslaus-reguliavimo-funkcija","status":"publish","type":"product","link":"https:\/\/bmdprekyba.lt\/en\/product\/rankinis-keltuvas-susidedantis-is-2-keltuvu-tikslaus-reguliavimo-funkcija\/","title":{"rendered":"Rankinis keltuvas, susidedantis i\u0161 2 keltuv\u0173. (tikslaus reguliavimo funkcija)"},"content":{"rendered":"<p>Patobulintas k\u0117limo \u012frankis su rankena: pastorinta vientiso plieno pagrindo plok\u0161t\u0117 u\u017etikrina stabilesn\u012f laikym\u0105, pagrindo plok\u0161t\u0117 yra \u012fstri\u017eos konstrukcijos, kad b\u016bt\u0173 lengva \u012fd\u0117ti po objektu; pastorinta k\u0117limo svirtis ir ner\u016bdijan\u010dio plieno a\u0161is su didelio stiprumo spyruokl\u0117mis u\u017etikrina didesn\u0119 k\u0117limo gali\u0105 ir ilgesn\u012f tarnavimo laik\u0105.<\/p>\n<p>Tikslus reguliavimas tolygiam nuleidimui: k\u0117limo \u012frank\u012f galima ne tik laisvai reguliuoti auk\u0161tyn ir \u017eemyn, bet ir tiksliai valdyti pakilimo bei nusileidimo auk\u0161t\u012f. Ant atraminio strypo pritvirtintos tikslios \u017eym\u0117s, o nuleid\u017eiant galima naudoti \u201el\u0117t\u0105\u201c rankin\u012f alk\u016bnin\u012f svirt\u012f, kad b\u016bt\u0173 galima tiksliai valdyti nuleidimo auk\u0161t\u012f.<\/p>\n<p>Ypa\u010d didel\u0117 keliamoji galia: keliamoji galia iki 150 kg suteikia beveik neribotas galimybes. Kompakti\u0161k\u0173 rankini\u0173 \u012franki\u0173 na\u0161umas \u012fsp\u016bdingas, jie gali pakeisti kelis \u012fprastus \u012frankius.<\/p>\n<p>Auk\u0161tos kokyb\u0117s vientiso plieno med\u017eiaga: patobulinti k\u0117limo \u012frankiai, pastorintas vientiso plieno pagrindas ir k\u0117limo strypas u\u017etikrina tvirtesn\u0119 k\u0117limo gali\u0105, pastorinta banguota spyruokl\u0117 i\u0161 ner\u016bdijan\u010dio plieno pasi\u017eymi dideliu stiprumu ir ilgesniu tarnavimo laiku. Platesn\u0117 rankenos konstrukcija padidina k\u0117limo gali\u0105, kontaktin\u012f pavir\u0161i\u0173 ir yra patogesn\u0117 naudoti. Daugiafunkcin\u0117, darb\u0105 taupanti svirtis: darb\u0105 taupanti auk\u0161\u010dio reguliavimo rankena, pagaminta i\u0161 ner\u016bdijan\u010dio plieno, labai tinka dur\u0173 ir lang\u0173, grind\u0173, medini\u0173 jung\u010di\u0173 montavimui, bald\u0173, plyteli\u0173, preki\u0173 ir kt., faneros, stalvir\u0161i\u0173, r\u0117m\u0173, verand\u0173, spinteli\u0173 ir kt. k\u0117limui. Dirbkite dviese, naudokite auk\u0161\u010dio reguliatori\u0173. Lengvai nuimamas vieno \u017emogaus \u2013 tai galingiausias montavimo pagalbininkas.<\/p>","protected":false},"excerpt":{"rendered":"<p>Patobulintas k\u0117limo \u012frankis su rankena: pastorinta vientiso plieno pagrindo plok\u0161t\u0117 u\u017etikrina stabilesn\u012f laikym\u0105, pagrindo plok\u0161t\u0117 yra \u012fstri\u017eos konstrukcijos, kad b\u016bt\u0173 lengva \u012fd\u0117ti po objektu; pastorinta k\u0117limo svirtis ir ner\u016bdijan\u010dio plieno a\u0161is su didelio stiprumo spyruokl\u0117mis u\u017etikrina didesn\u0119 k\u0117limo gali\u0105 ir ilgesn\u012f tarnavimo laik\u0105. Tikslus reguliavimas tolygiam nuleidimui: k\u0117limo \u012frank\u012f galima ne tik laisvai reguliuoti auk\u0161tyn [&hellip;]<\/p>\n","protected":false},"featured_media":1534,"comment_status":"open","ping_status":"closed","template":"","meta":{"_acf_changed":false,"inline_featured_image":false},"product_brand":[],"product_cat":[79],"product_tag":[],"class_list":{"0":"post-1156","1":"product","2":"type-product","3":"status-publish","4":"has-post-thumbnail","6":"product_cat-irankiai","8":"first","9":"instock","10":"taxable","11":"shipping-taxable","12":"purchasable","13":"product-type-simple"},"acf":[],"_links":{"self":[{"href":"https:\/\/bmdprekyba.lt\/en\/wp-json\/wp\/v2\/product\/1156","targetHints":{"allow":["GET"]}}],"collection":[{"href":"https:\/\/bmdprekyba.lt\/en\/wp-json\/wp\/v2\/product"}],"about":[{"href":"https:\/\/bmdprekyba.lt\/en\/wp-json\/wp\/v2\/types\/product"}],"replies":[{"embeddable":true,"href":"https:\/\/bmdprekyba.lt\/en\/wp-json\/wp\/v2\/comments?post=1156"}],"wp:featuredmedia":[{"embeddable":true,"href":"https:\/\/bmdprekyba.lt\/en\/wp-json\/wp\/v2\/media\/1534"}],"wp:attachment":[{"href":"https:\/\/bmdprekyba.lt\/en\/wp-json\/wp\/v2\/media?parent=1156"}],"wp:term":[{"taxonomy":"product_brand","embeddable":true,"href":"https:\/\/bmdprekyba.lt\/en\/wp-json\/wp\/v2\/product_brand?post=1156"},{"taxonomy":"product_cat","embeddable":true,"href":"https:\/\/bmdprekyba.lt\/en\/wp-json\/wp\/v2\/product_cat?post=1156"},{"taxonomy":"product_tag","embeddable":true,"href":"https:\/\/bmdprekyba.lt\/en\/wp-json\/wp\/v2\/product_tag?post=1156"}],"curies":[{"name":"wp","href":"https:\/\/api.w.org\/{rel}","templated":true}]}}