{"id":1129,"date":"2024-11-28T16:17:00","date_gmt":"2024-11-28T16:17:00","guid":{"rendered":"https:\/\/bmdprekyba.lt\/?post_type=product&#038;p=1129"},"modified":"2026-01-09T12:01:22","modified_gmt":"2026-01-09T12:01:22","slug":"cubi-cubi-rasomasis-stalas-100-cm-x-48-cm-x-75-cm-baltas","status":"publish","type":"product","link":"https:\/\/bmdprekyba.lt\/en\/product\/cubi-cubi-rasomasis-stalas-100-cm-x-48-cm-x-75-cm-baltas\/","title":{"rendered":"&#8222;Cubi Cubi&#8221; ra\u0161omasis stalas, 100 cm x 48 cm x 75 cm, baltas."},"content":{"rendered":"<p>&#8222;Cubi Cubi&#8221; naujas ra\u0161omasis stalas, kompiuterio stalas, nam\u0173 biuro stalas 100 cm x 48 cm x 75 cm, baltas.<\/p>","protected":false},"excerpt":{"rendered":"<p>&#8222;Cubi Cubi&#8221; naujas ra\u0161omasis stalas, kompiuterio stalas, nam\u0173 biuro stalas 100 cm x 48 cm x 75 cm, baltas.<\/p>","protected":false},"featured_media":1130,"comment_status":"open","ping_status":"closed","template":"","meta":{"_acf_changed":false,"inline_featured_image":false},"product_brand":[],"product_cat":[74],"product_tag":[],"class_list":{"0":"post-1129","1":"product","2":"type-product","3":"status-publish","4":"has-post-thumbnail","6":"product_cat-namu-interjeras","8":"first","9":"instock","10":"taxable","11":"shipping-taxable","12":"purchasable","13":"product-type-simple"},"acf":[],"_links":{"self":[{"href":"https:\/\/bmdprekyba.lt\/en\/wp-json\/wp\/v2\/product\/1129","targetHints":{"allow":["GET"]}}],"collection":[{"href":"https:\/\/bmdprekyba.lt\/en\/wp-json\/wp\/v2\/product"}],"about":[{"href":"https:\/\/bmdprekyba.lt\/en\/wp-json\/wp\/v2\/types\/product"}],"replies":[{"embeddable":true,"href":"https:\/\/bmdprekyba.lt\/en\/wp-json\/wp\/v2\/comments?post=1129"}],"wp:featuredmedia":[{"embeddable":true,"href":"https:\/\/bmdprekyba.lt\/en\/wp-json\/wp\/v2\/media\/1130"}],"wp:attachment":[{"href":"https:\/\/bmdprekyba.lt\/en\/wp-json\/wp\/v2\/media?parent=1129"}],"wp:term":[{"taxonomy":"product_brand","embeddable":true,"href":"https:\/\/bmdprekyba.lt\/en\/wp-json\/wp\/v2\/product_brand?post=1129"},{"taxonomy":"product_cat","embeddable":true,"href":"https:\/\/bmdprekyba.lt\/en\/wp-json\/wp\/v2\/product_cat?post=1129"},{"taxonomy":"product_tag","embeddable":true,"href":"https:\/\/bmdprekyba.lt\/en\/wp-json\/wp\/v2\/product_tag?post=1129"}],"curies":[{"name":"wp","href":"https:\/\/api.w.org\/{rel}","templated":true}]}}