{"id":1124,"date":"2024-11-28T16:02:05","date_gmt":"2024-11-28T16:02:05","guid":{"rendered":"https:\/\/bmdprekyba.lt\/?post_type=product&#038;p=1124"},"modified":"2026-01-09T12:01:22","modified_gmt":"2026-01-09T12:01:22","slug":"langu-uzuolaidu-karnizas-nuo-76-cm-iki-305-cm-juodas-matinis","status":"publish","type":"product","link":"https:\/\/bmdprekyba.lt\/en\/product\/langu-uzuolaidu-karnizas-nuo-76-cm-iki-305-cm-juodas-matinis\/","title":{"rendered":"Lang\u0173 u\u017euolaid\u0173 karnizas nuo 76 cm iki 305 cm juodas, matinis"},"content":{"rendered":"<p>Lang\u0173 u\u017euolaid\u0173 karnizas reguliuojamo ilgio (nuo 76cm iki 305 cm) Sujungiant strypus ma\u017edaug 40cm \u017eingsniais ir susukant, ilg\u012f galima reguliuoti pagal poreik\u012f, kad tikt\u0173 J\u016bs\u0173 langui. Sud\u0117tis 100% metalas, storis 0,8mm, karnizo skersmuo 2,54 cm Spalva matin\u0117 juoda.<\/p>","protected":false},"excerpt":{"rendered":"<p>Lang\u0173 u\u017euolaid\u0173 karnizas reguliuojamo ilgio (nuo 76cm iki 305 cm) Sujungiant strypus ma\u017edaug 40cm \u017eingsniais ir susukant, ilg\u012f galima reguliuoti pagal poreik\u012f, kad tikt\u0173 J\u016bs\u0173 langui. Sud\u0117tis 100% metalas, storis 0,8mm, karnizo skersmuo 2,54 cm Spalva matin\u0117 juoda.<\/p>","protected":false},"featured_media":1122,"comment_status":"open","ping_status":"closed","template":"","meta":{"_acf_changed":false,"inline_featured_image":false},"product_brand":[],"product_cat":[74],"product_tag":[],"class_list":{"0":"post-1124","1":"product","2":"type-product","3":"status-publish","4":"has-post-thumbnail","6":"product_cat-namu-interjeras","8":"first","9":"instock","10":"taxable","11":"shipping-taxable","12":"purchasable","13":"product-type-simple"},"acf":[],"_links":{"self":[{"href":"https:\/\/bmdprekyba.lt\/en\/wp-json\/wp\/v2\/product\/1124","targetHints":{"allow":["GET"]}}],"collection":[{"href":"https:\/\/bmdprekyba.lt\/en\/wp-json\/wp\/v2\/product"}],"about":[{"href":"https:\/\/bmdprekyba.lt\/en\/wp-json\/wp\/v2\/types\/product"}],"replies":[{"embeddable":true,"href":"https:\/\/bmdprekyba.lt\/en\/wp-json\/wp\/v2\/comments?post=1124"}],"wp:featuredmedia":[{"embeddable":true,"href":"https:\/\/bmdprekyba.lt\/en\/wp-json\/wp\/v2\/media\/1122"}],"wp:attachment":[{"href":"https:\/\/bmdprekyba.lt\/en\/wp-json\/wp\/v2\/media?parent=1124"}],"wp:term":[{"taxonomy":"product_brand","embeddable":true,"href":"https:\/\/bmdprekyba.lt\/en\/wp-json\/wp\/v2\/product_brand?post=1124"},{"taxonomy":"product_cat","embeddable":true,"href":"https:\/\/bmdprekyba.lt\/en\/wp-json\/wp\/v2\/product_cat?post=1124"},{"taxonomy":"product_tag","embeddable":true,"href":"https:\/\/bmdprekyba.lt\/en\/wp-json\/wp\/v2\/product_tag?post=1124"}],"curies":[{"name":"wp","href":"https:\/\/api.w.org\/{rel}","templated":true}]}}