{"id":1103,"date":"2024-11-28T11:13:49","date_gmt":"2024-11-28T11:13:49","guid":{"rendered":"https:\/\/bmdprekyba.lt\/?post_type=product&#038;p=1103"},"modified":"2026-01-09T12:01:23","modified_gmt":"2026-01-09T12:01:23","slug":"stalinis-sviestuvas-eyocean-3907cb","status":"publish","type":"product","link":"https:\/\/bmdprekyba.lt\/en\/product\/stalinis-sviestuvas-eyocean-3907cb\/","title":{"rendered":"Stalinis \u0160viestuvas Eyocean 3907CB"},"content":{"rendered":"<p>Stalin\u0117 lempa EYOCEAN LED 3907CB, su reguliuojama spalvos temperatura ir ry\u0161kum\u0173, valdymas gestais, su nuotolinio valdymo pultu, strubcina, 24W, 80cm, Balta<\/p>","protected":false},"excerpt":{"rendered":"<p>Stalin\u0117 lempa EYOCEAN LED 3907CB, su reguliuojama spalvos temperatura ir ry\u0161kum\u0173, valdymas gestais, su nuotolinio valdymo pultu, strubcina, 24W, 80cm, Juoda<\/p>","protected":false},"featured_media":1104,"comment_status":"open","ping_status":"closed","template":"","meta":{"_acf_changed":false,"inline_featured_image":false},"product_brand":[],"product_cat":[50],"product_tag":[],"class_list":{"0":"post-1103","1":"product","2":"type-product","3":"status-publish","4":"has-post-thumbnail","6":"product_cat-apsvietimas","8":"first","9":"instock","10":"taxable","11":"shipping-taxable","12":"purchasable","13":"product-type-simple"},"acf":[],"_links":{"self":[{"href":"https:\/\/bmdprekyba.lt\/en\/wp-json\/wp\/v2\/product\/1103","targetHints":{"allow":["GET"]}}],"collection":[{"href":"https:\/\/bmdprekyba.lt\/en\/wp-json\/wp\/v2\/product"}],"about":[{"href":"https:\/\/bmdprekyba.lt\/en\/wp-json\/wp\/v2\/types\/product"}],"replies":[{"embeddable":true,"href":"https:\/\/bmdprekyba.lt\/en\/wp-json\/wp\/v2\/comments?post=1103"}],"wp:featuredmedia":[{"embeddable":true,"href":"https:\/\/bmdprekyba.lt\/en\/wp-json\/wp\/v2\/media\/1104"}],"wp:attachment":[{"href":"https:\/\/bmdprekyba.lt\/en\/wp-json\/wp\/v2\/media?parent=1103"}],"wp:term":[{"taxonomy":"product_brand","embeddable":true,"href":"https:\/\/bmdprekyba.lt\/en\/wp-json\/wp\/v2\/product_brand?post=1103"},{"taxonomy":"product_cat","embeddable":true,"href":"https:\/\/bmdprekyba.lt\/en\/wp-json\/wp\/v2\/product_cat?post=1103"},{"taxonomy":"product_tag","embeddable":true,"href":"https:\/\/bmdprekyba.lt\/en\/wp-json\/wp\/v2\/product_tag?post=1103"}],"curies":[{"name":"wp","href":"https:\/\/api.w.org\/{rel}","templated":true}]}}