{"id":1097,"date":"2024-11-28T10:48:54","date_gmt":"2024-11-28T10:48:54","guid":{"rendered":"https:\/\/bmdprekyba.lt\/?post_type=product&#038;p=1097"},"modified":"2026-01-09T12:01:23","modified_gmt":"2026-01-09T12:01:23","slug":"stalinis-sviestuvas-eyocean-0196cw","status":"publish","type":"product","link":"https:\/\/bmdprekyba.lt\/en\/product\/stalinis-sviestuvas-eyocean-0196cw\/","title":{"rendered":"Stalinis \u0161viestuvas Eyocean 0196CB"},"content":{"rendered":"<p>Stalin\u0117 lempa EYOCEAN LED 0196CB , su reguliuojama spalvos temperatura ir ry\u0161kum\u0173, lankstus stovas, su strubcina, 12 W, Balta<\/p>","protected":false},"excerpt":{"rendered":"<p>Stalin\u0117 lempa EYOCEAN LED 0196CB , su reguliuojama spalvos temperatura ir ry\u0161kum\u0173, lankstus stovas, su strubcina, 12 W, Balta<\/p>","protected":false},"featured_media":1098,"comment_status":"open","ping_status":"closed","template":"","meta":{"_acf_changed":false,"inline_featured_image":false},"product_brand":[],"product_cat":[50],"product_tag":[],"class_list":{"0":"post-1097","1":"product","2":"type-product","3":"status-publish","4":"has-post-thumbnail","6":"product_cat-apsvietimas","8":"first","9":"instock","10":"taxable","11":"shipping-taxable","12":"purchasable","13":"product-type-simple"},"acf":[],"_links":{"self":[{"href":"https:\/\/bmdprekyba.lt\/en\/wp-json\/wp\/v2\/product\/1097","targetHints":{"allow":["GET"]}}],"collection":[{"href":"https:\/\/bmdprekyba.lt\/en\/wp-json\/wp\/v2\/product"}],"about":[{"href":"https:\/\/bmdprekyba.lt\/en\/wp-json\/wp\/v2\/types\/product"}],"replies":[{"embeddable":true,"href":"https:\/\/bmdprekyba.lt\/en\/wp-json\/wp\/v2\/comments?post=1097"}],"wp:featuredmedia":[{"embeddable":true,"href":"https:\/\/bmdprekyba.lt\/en\/wp-json\/wp\/v2\/media\/1098"}],"wp:attachment":[{"href":"https:\/\/bmdprekyba.lt\/en\/wp-json\/wp\/v2\/media?parent=1097"}],"wp:term":[{"taxonomy":"product_brand","embeddable":true,"href":"https:\/\/bmdprekyba.lt\/en\/wp-json\/wp\/v2\/product_brand?post=1097"},{"taxonomy":"product_cat","embeddable":true,"href":"https:\/\/bmdprekyba.lt\/en\/wp-json\/wp\/v2\/product_cat?post=1097"},{"taxonomy":"product_tag","embeddable":true,"href":"https:\/\/bmdprekyba.lt\/en\/wp-json\/wp\/v2\/product_tag?post=1097"}],"curies":[{"name":"wp","href":"https:\/\/api.w.org\/{rel}","templated":true}]}}