{"id":1088,"date":"2024-11-27T19:50:19","date_gmt":"2024-11-27T19:50:19","guid":{"rendered":"https:\/\/bmdprekyba.lt\/?post_type=product&#038;p=1088"},"modified":"2026-01-09T12:01:23","modified_gmt":"2026-01-09T12:01:23","slug":"imontuojami-led-sviestuvai-alluso-12w-ip44-baltos-spalvos","status":"publish","type":"product","link":"https:\/\/bmdprekyba.lt\/en\/product\/imontuojami-led-sviestuvai-alluso-12w-ip44-baltos-spalvos\/","title":{"rendered":"Imontuojami LED \u0161viestuvai Alluso 12W IP44 baltos spalvos"},"content":{"rendered":"<p>\u012emontuojami LED \u0161viestuvai 12W , IP44. Jungiasi i\u0161 karto \u012f 220 V \u012ftampos tinkl\u0105. Reguliuojam\u0105 \u0161viesos temperat\u016bra (galima pasirinkti viena i\u0161 3) 3000K &#8211; 850 lm, 4000K &#8211; 950 lm, 6000K &#8211; 900 lm. Su judesio davikliu.Veikimo laikas 5 min Montavimo skersmuo 90-105 mm. Auk\u0161tis 55 mm. \u0160viestuvo maksimalus diametras 113 mm.<\/p>","protected":false},"excerpt":{"rendered":"<p>\u012emontuojami LED \u0161viestuvai 12W , IP44. Reguliuojam\u0105 \u0161viesos temperat\u016bra (galima pasirinkti viena i\u0161 3) 3000K &#8211; 850 lm, 4000K &#8211; 950 lm, 6000K &#8211; 900 lm. Su judesio davikliu.Veikimo laikas 5 min Montavimo skersmuo 90-105 mm. Auk\u0161tis 55 mm. \u0160viestuvo maksimalus diametras 113 mm.<\/p>","protected":false},"featured_media":1089,"comment_status":"open","ping_status":"closed","template":"","meta":{"_acf_changed":false,"inline_featured_image":false},"product_brand":[],"product_cat":[50],"product_tag":[],"class_list":{"0":"post-1088","1":"product","2":"type-product","3":"status-publish","4":"has-post-thumbnail","6":"product_cat-apsvietimas","8":"first","9":"instock","10":"taxable","11":"shipping-taxable","12":"purchasable","13":"product-type-simple"},"acf":[],"_links":{"self":[{"href":"https:\/\/bmdprekyba.lt\/en\/wp-json\/wp\/v2\/product\/1088","targetHints":{"allow":["GET"]}}],"collection":[{"href":"https:\/\/bmdprekyba.lt\/en\/wp-json\/wp\/v2\/product"}],"about":[{"href":"https:\/\/bmdprekyba.lt\/en\/wp-json\/wp\/v2\/types\/product"}],"replies":[{"embeddable":true,"href":"https:\/\/bmdprekyba.lt\/en\/wp-json\/wp\/v2\/comments?post=1088"}],"wp:featuredmedia":[{"embeddable":true,"href":"https:\/\/bmdprekyba.lt\/en\/wp-json\/wp\/v2\/media\/1089"}],"wp:attachment":[{"href":"https:\/\/bmdprekyba.lt\/en\/wp-json\/wp\/v2\/media?parent=1088"}],"wp:term":[{"taxonomy":"product_brand","embeddable":true,"href":"https:\/\/bmdprekyba.lt\/en\/wp-json\/wp\/v2\/product_brand?post=1088"},{"taxonomy":"product_cat","embeddable":true,"href":"https:\/\/bmdprekyba.lt\/en\/wp-json\/wp\/v2\/product_cat?post=1088"},{"taxonomy":"product_tag","embeddable":true,"href":"https:\/\/bmdprekyba.lt\/en\/wp-json\/wp\/v2\/product_tag?post=1088"}],"curies":[{"name":"wp","href":"https:\/\/api.w.org\/{rel}","templated":true}]}}