{"id":981,"date":"2024-10-01T07:57:34","date_gmt":"2024-10-01T07:57:34","guid":{"rendered":"https:\/\/bmdprekyba.lt\/?page_id=981"},"modified":"2024-10-17T07:18:57","modified_gmt":"2024-10-17T07:18:57","slug":"privatumo-politika","status":"publish","type":"page","link":"https:\/\/bmdprekyba.lt\/en\/privatumo-politika\/","title":{"rendered":"Privatumo politika"},"content":{"rendered":"<ol class=\"wp-block-list\">\n<li><strong>BENDROSIOS NUOSTATOS<\/strong> \u0160i interneto svetain\u0117 (<a href=\"https:\/\/bmdprekyba.lt\/en\/\">www.bmdprekyba.lt<\/a>) priklauso ir yra valdoma <strong>BMD Prekyba, MB<\/strong>, \u012fmon\u0117s kodas 306722279, adresas Vir\u0161uli\u0161ki\u0173 g. 38-44, LT-05110 Vilnius, Lietuvos Respublika (toliau \u2013 \u201e\u012emon\u0117\u201c, \u201eMes\u201c, \u201eM\u016bs\u0173\u201c). Mes gerbiame J\u016bs\u0173 privatum\u0105 ir \u012fsipareigojame saugoti J\u016bs\u0173 asmens duomenis. \u0160ioje privatumo politikoje apra\u0161ome, kaip tvarkome J\u016bs\u0173 asmens duomenis, kai naudojat\u0117s m\u016bs\u0173 svetaine.<\/li>\n<\/ol>\n\n\n\n<p>Naudodamiesi \u0161ia svetaine, J\u016bs sutinkate su \u0161ia privatumo politika. Mes galime atnaujinti privatumo politik\u0105, o pakeitimai bus paskelbti svetain\u0117je.<\/p>\n\n\n\n<ol start=\"2\" class=\"wp-block-list\">\n<li><strong>ASMENS DUOMEN\u0172 RINKIMAS IR NAUDOJIMAS<\/strong> Mes renkame ir tvarkome J\u016bs\u0173 asmens duomenis, kai J\u016bs pateikiate juos per svetain\u0119 arba kitais b\u016bdais, pavyzd\u017eiui, registruodamiesi, pirkdami prekes ar paslaugas, arba susisiekdami su mumis. \u0160ie duomenys gali apimti:<\/li>\n<\/ol>\n\n\n\n<ul class=\"wp-block-list\">\n<li>J\u016bs\u0173 vard\u0105, pavard\u0119;<\/li>\n\n\n\n<li>Kontaktinius duomenis (telefon\u0105, el. pa\u0161to adres\u0105);<\/li>\n\n\n\n<li>Adres\u0105 preki\u0173 pristatymui;<\/li>\n\n\n\n<li>Mok\u0117jimo informacij\u0105;<\/li>\n\n\n\n<li>IP adres\u0105;<\/li>\n\n\n\n<li>Pirkim\u0173 istorij\u0105.<\/li>\n<\/ul>\n\n\n\n<ol start=\"3\" class=\"wp-block-list\">\n<li><strong>ASMENS DUOMEN\u0172 TVARKYMO TIKSLAI<\/strong> Mes tvarkome J\u016bs\u0173 asmens duomenis \u0161iais tikslais:<\/li>\n<\/ol>\n\n\n\n<ul class=\"wp-block-list\">\n<li>Sudaryti ir vykdyti sutartis su Jumis;<\/li>\n\n\n\n<li>U\u017etikrinti, kad gal\u0117tume pristatyti prekes ar paslaugas;<\/li>\n\n\n\n<li>Tvarkyti mok\u0117jimus ir apskait\u0105;<\/li>\n\n\n\n<li>Si\u0173sti informacij\u0105 apie u\u017esakymus, naujienas ar pasi\u016blymus (jeigu esate dav\u0119 sutikim\u0105);<\/li>\n\n\n\n<li>Tobulinti svetain\u0117s veikim\u0105 ir paslaugas.<\/li>\n<\/ul>\n\n\n\n<ol start=\"4\" class=\"wp-block-list\">\n<li><strong>DUOMEN\u0172 SAUGOJIMAS<\/strong> J\u016bs\u0173 asmens duomenis saugome tiek, kiek tai b\u016btina m\u016bs\u0173 teis\u0117tiems interesams ir \u012fsipareigojimams \u012fgyvendinti. Mes imsim\u0117s vis\u0173 b\u016btin\u0173 priemoni\u0173, kad apsaugotume J\u016bs\u0173 duomenis nuo neteis\u0117to naudojimo ar praradimo.<\/li>\n\n\n\n<li><strong>J\u016aS\u0172 TEIS\u0116S<\/strong> J\u016bs turite teis\u0119:<\/li>\n<\/ol>\n\n\n\n<ul class=\"wp-block-list\">\n<li>Gauti informacij\u0105 apie tai, kaip tvarkomi J\u016bs\u0173 asmens duomenys;<\/li>\n\n\n\n<li>Reikalauti pataisyti netikslius ar nebaigtus duomenis;<\/li>\n\n\n\n<li>Reikalauti i\u0161trinti asmens duomenis, kai jie nebereikalingi;<\/li>\n\n\n\n<li>Apriboti asmens duomen\u0173 tvarkym\u0105 tam tikrais atvejais;<\/li>\n\n\n\n<li>Nesutikti su asmens duomen\u0173 tvarkymu;<\/li>\n\n\n\n<li>Kreiptis \u012f Valstybin\u0119 duomen\u0173 apsaugos inspekcij\u0105, jei manote, kad J\u016bs\u0173 teis\u0117s buvo pa\u017eeistos.<\/li>\n<\/ul>\n\n\n\n<ol start=\"6\" class=\"wp-block-list\">\n<li><strong>SLAPUKAI<\/strong> M\u016bs\u0173 svetain\u0117je naudojami slapukai siekiant u\u017etikrinti efektyv\u0173 nar\u0161ym\u0105. Slapukai yra ma\u017eos laikmenos, kurios saugomos J\u016bs\u0173 nar\u0161ykl\u0117je ir padeda svetainei atsiminti J\u016bs\u0173 veiksmus ir pasirinkimus (pvz., kalb\u0105, pirkini\u0173 krep\u0161el\u012f). J\u016bs galite bet kada atsisakyti slapuk\u0173, pakeisdami nar\u0161ykl\u0117s nustatymus.<br><strong>Elektronin\u0117je parduotuv\u0117je apmok\u0117jimai apdorojami naudojantis\u00a0<\/strong><a href=\"http:\/\/makecommerce.lt\/\" target=\"_blank\" rel=\"noreferrer noopener\"><strong>makecommerce.lt<\/strong><\/a><strong>\u00a0platforma, kurios valdytojas Maksekeskus AS (Niine 11, Talinas 10414, Estija, reg. nr.:12268475), tod\u0117l J\u016bs\u0173 asmenin\u0117 informacija, reikalinga mok\u0117jimo \u012fvykdymui ir patvirtinimui, bus perduodama Maksekeskus AS.\u00a0<\/strong><\/li>\n\n\n\n<li><strong>PIRKIMO TAISYKL\u0116S <\/strong>. <br><strong>Atsiskaityti galima naudojantis Swedbank, Seb, Luminor, Citadele ir \u0160iauli\u0173 bankas<br>elektronin\u0117s bankininkyst\u0117s paslaugomis. Atsiskaitymai galimi euro valiuta.<br>Mok\u0117jimai apdorojami naudojantis\u00a0MakeCommerce.lt\u00a0mok\u0117jim\u0173 platforma<\/strong><br><br><\/li>\n\n\n\n<li><strong>KONTAKTIN\u0116 INFORMACIJA<\/strong> Jei turite klausim\u0173 apie \u0161i\u0105 privatumo politik\u0105 ar norite \u012fgyvendinti savo teises, pra\u0161ome susisiekti su mumis:<\/li>\n<\/ol>\n\n\n\n<ul class=\"wp-block-list\">\n<li>Telefonu: +370 655 17577<\/li>\n\n\n\n<li>El. pa\u0161tu: <a>bmdprekyba@proton.me<\/a><\/li>\n\n\n\n<li>Pa\u0161tu: Vir\u0161uli\u0161ki\u0173 g. 38-44, LT-05110 Vilnius<\/li>\n<\/ul>","protected":false},"excerpt":{"rendered":"<p>Naudodamiesi \u0161ia svetaine, J\u016bs sutinkate su \u0161ia privatumo politika. Mes galime atnaujinti privatumo politik\u0105, o pakeitimai bus paskelbti svetain\u0117je.<\/p>","protected":false},"author":1,"featured_media":0,"parent":0,"menu_order":0,"comment_status":"closed","ping_status":"closed","template":"","meta":{"_acf_changed":false,"inline_featured_image":false,"footnotes":""},"class_list":["post-981","page","type-page","status-publish","hentry"],"acf":[],"_links":{"self":[{"href":"https:\/\/bmdprekyba.lt\/en\/wp-json\/wp\/v2\/pages\/981","targetHints":{"allow":["GET"]}}],"collection":[{"href":"https:\/\/bmdprekyba.lt\/en\/wp-json\/wp\/v2\/pages"}],"about":[{"href":"https:\/\/bmdprekyba.lt\/en\/wp-json\/wp\/v2\/types\/page"}],"author":[{"embeddable":true,"href":"https:\/\/bmdprekyba.lt\/en\/wp-json\/wp\/v2\/users\/1"}],"replies":[{"embeddable":true,"href":"https:\/\/bmdprekyba.lt\/en\/wp-json\/wp\/v2\/comments?post=981"}],"version-history":[{"count":0,"href":"https:\/\/bmdprekyba.lt\/en\/wp-json\/wp\/v2\/pages\/981\/revisions"}],"wp:attachment":[{"href":"https:\/\/bmdprekyba.lt\/en\/wp-json\/wp\/v2\/media?parent=981"}],"curies":[{"name":"wp","href":"https:\/\/api.w.org\/{rel}","templated":true}]}}