{"id":979,"date":"2024-10-01T07:53:55","date_gmt":"2024-10-01T07:53:55","guid":{"rendered":"https:\/\/bmdprekyba.lt\/?page_id=979"},"modified":"2024-10-01T07:53:55","modified_gmt":"2024-10-01T07:53:55","slug":"bendrosios-nuostatos","status":"publish","type":"page","link":"https:\/\/bmdprekyba.lt\/en\/bendrosios-nuostatos\/","title":{"rendered":"Bendrosios nuostatos"},"content":{"rendered":"<p>Preki\u0173 gr\u0105\u017einimas<br>Visoms prek\u0117ms suteikiama 30 dien\u0173 garantija.<\/p>\n\n\n\n<p>El. parduotuv\u0117je <a href=\"https:\/\/bmdprekyba.lt\/en\/\">www.bmdprekyba.lt<\/a> tinkamos kokyb\u0117s preki\u0173 gr\u0105\u017einimo s\u0105lygos.<\/p>\n\n\n\n<p>Tinkamos kokyb\u0117s preki\u0173 gr\u0105\u017einimas galimas tik Vyriausyb\u0117s 2001-06-11 nutarimu Nr. 697 patvirtint\u0173 Ma\u017emenin\u0117s prekybos taisykli\u0173 nustatyta tvarka ir pagal \u0161i\u0105 Gr\u0105\u017einimo politik\u0105. \u0160iuo atveju preki\u0173 gr\u0105\u017einimo i\u0161laidas apmoka pirk\u0117jas.<\/p>\n\n\n\n<p>Jei prek\u0117 Jums atvyko brokuota, su defektu ir jos negalima naudoti pagal paskirt\u012f, tokiu atveju parduotuv\u0117 prisiima atsakomyb\u0119 ir organizuoja prek\u0117s gr\u0105\u017einim\u0105 kurjeriu arba per DPD pa\u0161tomat\u0105.<\/p>\n\n\n\n<p>Prekes galite gr\u0105\u017einti per 30 dien\u0173 nuo j\u0173 pristatymo dienos, jeigu:<\/p>\n\n\n\n<ul class=\"wp-block-list\">\n<li>Gr\u0105\u017einama prek\u0117 bus originalioje tvarkingoje pakuot\u0117je;<\/li>\n\n\n\n<li>Prek\u0117 turi b\u016bti pilnos komplektacijos;<\/li>\n\n\n\n<li>Prek\u0117 nesugadinta;<\/li>\n\n\n\n<li>Prek\u0117 nebus po ilgalaikio naudojimo, nepraradusi prekin\u0117s i\u0161vaizdos;<\/li>\n\n\n\n<li>Gr\u0105\u017einant prek\u0119 pateikiamas jos \u012fsigijimo dokumentas.<\/li>\n<\/ul>\n\n\n\n<p>Norint gr\u0105\u017einti nupirkt\u0105 prek\u0119 \u2013 pra\u0161ome u\u017epildyti gr\u0105\u017einimo form\u0105.<\/p>\n\n\n\n<p><strong>Pinig\u0173 gr\u0105\u017einimas<\/strong><br>Kai j\u016bs\u0173 gr\u0105\u017einama prek\u0117 bus gauta ir patikrinta, atsi\u0173sime Jums el. lai\u0161k\u0105, kuriame informuosime, kad gavome gr\u0105\u017eint\u0105 prek\u0119. Taip pat prane\u0161ime apie pinig\u0173 gr\u0105\u017einimo patvirtinim\u0105 arba atmetim\u0105.<\/p>\n\n\n\n<p>Jei pinig\u0173 gr\u0105\u017einimas bus patvirtintas, pinigai bus pervesti \u012f J\u016bs\u0173 nurodyt\u0105 banko s\u0105skait\u0105 per 7 darbo dienas.<\/p>\n\n\n\n<p><strong>Preki\u0173 pakeitimas<\/strong><br>Nemokamai kei\u010diame tik tas prekes, kurios atvyko sugadintos. Jei norite pakeisti nekokybi\u0161k\u0105 prek\u0119, pra\u0161ome susisiekti el. pa\u0161tu <a>bmdprekyba@proton.me<\/a>.<\/p>\n\n\n\n<p><strong>Pristatymo ka\u0161tai<\/strong><br>Prek\u0119 pra\u0161ome gr\u0105\u017einti adresu: Vir\u0161uli\u0161ki\u0173 g. 38-44, LT-05110 Vilnius, Lietuva. Siuntimas palaikomas tik kurjeriu.<\/p>\n\n\n\n<p>Siuntimo i\u0161laidos negr\u0105\u017einamos.<\/p>","protected":false},"excerpt":{"rendered":"<p>Preki\u0173 gr\u0105\u017einimasVisoms prek\u0117ms suteikiama 30 dien\u0173 garantija. El. parduotuv\u0117je www.bmdprekyba.lt tinkamos kokyb\u0117s preki\u0173 gr\u0105\u017einimo s\u0105lygos. Tinkamos kokyb\u0117s preki\u0173 gr\u0105\u017einimas galimas tik Vyriausyb\u0117s 2001-06-11 nutarimu Nr. 697 patvirtint\u0173 Ma\u017emenin\u0117s prekybos taisykli\u0173 nustatyta tvarka ir pagal \u0161i\u0105 Gr\u0105\u017einimo politik\u0105. \u0160iuo atveju preki\u0173 gr\u0105\u017einimo i\u0161laidas apmoka pirk\u0117jas. Jei prek\u0117 Jums atvyko brokuota, su defektu ir jos negalima naudoti [&hellip;]<\/p>\n","protected":false},"author":1,"featured_media":0,"parent":0,"menu_order":0,"comment_status":"closed","ping_status":"closed","template":"","meta":{"_acf_changed":false,"inline_featured_image":false,"footnotes":""},"class_list":["post-979","page","type-page","status-publish","hentry"],"acf":[],"_links":{"self":[{"href":"https:\/\/bmdprekyba.lt\/en\/wp-json\/wp\/v2\/pages\/979","targetHints":{"allow":["GET"]}}],"collection":[{"href":"https:\/\/bmdprekyba.lt\/en\/wp-json\/wp\/v2\/pages"}],"about":[{"href":"https:\/\/bmdprekyba.lt\/en\/wp-json\/wp\/v2\/types\/page"}],"author":[{"embeddable":true,"href":"https:\/\/bmdprekyba.lt\/en\/wp-json\/wp\/v2\/users\/1"}],"replies":[{"embeddable":true,"href":"https:\/\/bmdprekyba.lt\/en\/wp-json\/wp\/v2\/comments?post=979"}],"version-history":[{"count":0,"href":"https:\/\/bmdprekyba.lt\/en\/wp-json\/wp\/v2\/pages\/979\/revisions"}],"wp:attachment":[{"href":"https:\/\/bmdprekyba.lt\/en\/wp-json\/wp\/v2\/media?parent=979"}],"curies":[{"name":"wp","href":"https:\/\/api.w.org\/{rel}","templated":true}]}}