{"id":846,"date":"2024-02-06T02:46:07","date_gmt":"2024-02-06T02:46:07","guid":{"rendered":"https:\/\/live.21lab.co\/ecomlab\/?page_id=13"},"modified":"2025-08-01T06:21:35","modified_gmt":"2025-08-01T06:21:35","slug":"contact","status":"publish","type":"page","link":"https:\/\/bmdprekyba.lt\/en\/contact\/","title":{"rendered":"Contact"},"content":{"rendered":"<div data-elementor-type=\"wp-page\" data-elementor-id=\"846\" class=\"elementor elementor-846\">\n\t\t\t\t<div class=\"elementor-element elementor-element-140be2a e-flex e-con-boxed e-con e-parent\" data-id=\"140be2a\" data-element_type=\"container\" data-e-type=\"container\">\n\t\t\t\t\t<div class=\"e-con-inner\">\n\t\t\t\t<div class=\"elementor-element elementor-element-081c3fb elementor-widget elementor-widget-heading\" data-id=\"081c3fb\" data-element_type=\"widget\" data-e-type=\"widget\" data-widget_type=\"heading.default\">\n\t\t\t\t<div class=\"elementor-widget-container\">\n\t\t\t\t\t<h2 class=\"elementor-heading-title elementor-size-default\">Kaip galime Jums pad\u0117ti? <\/h2>\t\t\t\t<\/div>\n\t\t\t\t<\/div>\n\t\t\t\t<div class=\"elementor-element elementor-element-bb6db34 elementor-widget-divider--view-line elementor-widget elementor-widget-divider\" data-id=\"bb6db34\" data-element_type=\"widget\" data-e-type=\"widget\" data-widget_type=\"divider.default\">\n\t\t\t\t<div class=\"elementor-widget-container\">\n\t\t\t\t\t\t\t<div class=\"elementor-divider\">\n\t\t\t<span class=\"elementor-divider-separator\">\n\t\t\t\t\t\t<\/span>\n\t\t<\/div>\n\t\t\t\t\t\t<\/div>\n\t\t\t\t<\/div>\n\t\t\t\t\t<\/div>\n\t\t\t\t<\/div>\n\t\t<div class=\"elementor-element elementor-element-580136f e-flex e-con-boxed e-con e-parent\" data-id=\"580136f\" data-element_type=\"container\" data-e-type=\"container\">\n\t\t\t\t\t<div class=\"e-con-inner\">\n\t\t<div class=\"elementor-element elementor-element-f391496 e-con-full e-flex e-con e-child\" data-id=\"f391496\" data-element_type=\"container\" data-e-type=\"container\">\n\t\t\t\t<div class=\"elementor-element elementor-element-ca92d4c elementor-widget elementor-widget-text-editor\" data-id=\"ca92d4c\" data-element_type=\"widget\" data-e-type=\"widget\" data-widget_type=\"text-editor.default\">\n\t\t\t\t<div class=\"elementor-widget-container\">\n\t\t\t\t\t\t\t\t\t<p>Jei turite klausim\u0173, susisiekite su mumis ir atsakysime Jums<\/p>\t\t\t\t\t\t\t\t<\/div>\n\t\t\t\t<\/div>\n\t\t\t\t<div class=\"elementor-element elementor-element-88bfd96 elementor-list-item-link-inline elementor-icon-list--layout-traditional elementor-widget elementor-widget-icon-list\" data-id=\"88bfd96\" data-element_type=\"widget\" data-e-type=\"widget\" data-widget_type=\"icon-list.default\">\n\t\t\t\t<div class=\"elementor-widget-container\">\n\t\t\t\t\t\t\t<ul class=\"elementor-icon-list-items\">\n\t\t\t\t\t\t\t<li class=\"elementor-icon-list-item\">\n\t\t\t\t\t\t\t\t\t\t\t<span class=\"elementor-icon-list-icon\">\n\t\t\t\t\t\t\t<svg xmlns=\"http:\/\/www.w3.org\/2000\/svg\" height=\"24\" width=\"24\" viewbox=\"0 0 24 24\"><title>Calling<\/title><g class=\"nc-icon-wrapper\"><path opacity=\"0.4\" d=\"M21 19V17.3541C21 16.5363 20.5021 15.8008 19.7428 15.4971L17.7086 14.6835C16.7429 14.2971 15.6422 14.7156 15.177 15.646L15 16C15 16 12.5 15.5 10.5 13.5C8.5 11.5 8 9 8 9L8.35402 8.82299C9.28438 8.35781 9.70285 7.25714 9.31654 6.29136L8.50289 4.25722C8.19916 3.4979 7.46374 3 6.64593 3H5C3.89543 3 3 3.89543 3 5C3 13.8366 10.1634 21 19 21C20.1046 21 21 20.1046 21 19Z\" fill=\"#28303F\"><\/path><path fill-rule=\"evenodd\" clip-rule=\"evenodd\" d=\"M12.25 7C12.25 6.58579 12.5858 6.25 13 6.25C13.6238 6.25 14.2414 6.37286 14.8177 6.61157C15.394 6.85028 15.9177 7.20016 16.3588 7.64124C16.7998 8.08232 17.1497 8.60596 17.3884 9.18225C17.6271 9.75855 17.75 10.3762 17.75 11C17.75 11.4142 17.4142 11.75 17 11.75C16.5858 11.75 16.25 11.4142 16.25 11C16.25 10.5732 16.1659 10.1506 16.0026 9.75628C15.8393 9.36197 15.5999 9.00369 15.2981 8.7019C14.9963 8.40011 14.638 8.16072 14.2437 7.99739C13.8494 7.83406 13.4268 7.75 13 7.75C12.5858 7.75 12.25 7.41421 12.25 7Z\" fill=\"#28303F\"><\/path><path fill-rule=\"evenodd\" clip-rule=\"evenodd\" d=\"M12.25 3C12.25 2.58579 12.5858 2.25 13 2.25C14.1491 2.25 15.2869 2.47633 16.3485 2.91605C17.4101 3.35578 18.3747 4.0003 19.1872 4.81282C19.9997 5.62533 20.6442 6.58992 21.0839 7.65152C21.5237 8.71312 21.75 9.85093 21.75 11C21.75 11.4142 21.4142 11.75 21 11.75C20.5858 11.75 20.25 11.4142 20.25 11C20.25 10.0479 20.0625 9.10516 19.6981 8.22554C19.3338 7.34593 18.7997 6.5467 18.1265 5.87348C17.4533 5.20025 16.6541 4.66622 15.7745 4.30187C14.8948 3.93753 13.9521 3.75 13 3.75C12.5858 3.75 12.25 3.41421 12.25 3Z\" fill=\"#28303F\"><\/path><\/g><\/svg>\t\t\t\t\t\t<\/span>\n\t\t\t\t\t\t\t\t\t\t<span class=\"elementor-icon-list-text\">Klient\u0173 aptarnavimas: +370  653 22434<\/span>\n\t\t\t\t\t\t\t\t\t<\/li>\n\t\t\t\t\t\t\t\t<li class=\"elementor-icon-list-item\">\n\t\t\t\t\t\t\t\t\t\t\t<span class=\"elementor-icon-list-icon\">\n\t\t\t\t\t\t\t<svg xmlns=\"http:\/\/www.w3.org\/2000\/svg\" height=\"24\" width=\"24\" viewbox=\"0 0 24 24\"><title>Mail Fast<\/title><g class=\"nc-icon-wrapper\"><path opacity=\"0.4\" d=\"M18 3H6C3.79086 3 2 4.79086 2 7V17C2 19.2091 3.79086 21 6 21H18C20.2091 21 22 19.2091 22 17V7C22 4.79086 20.2091 3 18 3Z\" fill=\"#28303F\"><\/path><path fill-rule=\"evenodd\" clip-rule=\"evenodd\" d=\"M5.37604 7.58405C5.60581 7.23941 6.07146 7.14628 6.4161 7.37604L10.1973 9.89684C11.289 10.6246 12.7112 10.6246 13.8029 9.89684L17.5841 7.37604C17.9287 7.14628 18.3944 7.23941 18.6241 7.58405C18.8539 7.9287 18.7608 8.39435 18.4161 8.62412L14.6349 11.1449C13.0394 12.2086 10.9608 12.2086 9.36525 11.1449L5.58405 8.62412C5.23941 8.39435 5.14628 7.9287 5.37604 7.58405Z\" fill=\"#28303F\"><\/path><path fill-rule=\"evenodd\" clip-rule=\"evenodd\" d=\"M1.25 15C1.25 14.5858 1.58579 14.25 2 14.25H8C8.41421 14.25 8.75 14.5858 8.75 15C8.75 15.4142 8.41421 15.75 8 15.75H2C1.58579 15.75 1.25 15.4142 1.25 15Z\" fill=\"#28303F\"><\/path><path fill-rule=\"evenodd\" clip-rule=\"evenodd\" d=\"M1.25 18C1.25 17.5858 1.58579 17.25 2 17.25H8C8.41421 17.25 8.75 17.5858 8.75 18C8.75 18.4142 8.41421 18.75 8 18.75H2C1.58579 18.75 1.25 18.4142 1.25 18Z\" fill=\"#28303F\"><\/path><\/g><\/svg>\t\t\t\t\t\t<\/span>\n\t\t\t\t\t\t\t\t\t\t<span class=\"elementor-icon-list-text\">Para\u0161ykite mums :uzsakymai@bmdprekyba.lt<\/span>\n\t\t\t\t\t\t\t\t\t<\/li>\n\t\t\t\t\t\t\t\t<li class=\"elementor-icon-list-item\">\n\t\t\t\t\t\t\t\t\t\t\t<span class=\"elementor-icon-list-icon\">\n\t\t\t\t\t\t\t<svg xmlns=\"http:\/\/www.w3.org\/2000\/svg\" height=\"24\" width=\"24\" viewbox=\"0 0 24 24\"><title>Road Location<\/title><g class=\"nc-icon-wrapper\"><path opacity=\"0.4\" fill-rule=\"evenodd\" clip-rule=\"evenodd\" d=\"M8.38609 4C7.5524 4 6.80616 4.51714 6.51343 5.29775L2.01343 17.2978C1.52312 18.6053 2.48968 20 3.88609 20H20.1141C21.5105 20 22.4771 18.6053 21.9867 17.2978L18.3012 7.46976C18.204 7.48959 18.1032 7.5 18.0001 7.5C17.1717 7.5 16.5001 6.82843 16.5001 6C16.5001 5.4769 16.7678 5.01634 17.1738 4.74791C16.801 4.28365 16.2315 4 15.6141 4H8.38609Z\" fill=\"#28303F\"><\/path><path fill-rule=\"evenodd\" clip-rule=\"evenodd\" d=\"M18 12C20 12 22 8.20914 22 6C22 3.79086 20.2091 2 18 2C15.7909 2 14 3.79086 14 6C14 8.20914 16 12 18 12ZM18 7.5C18.8284 7.5 19.5 6.82843 19.5 6C19.5 5.17157 18.8284 4.5 18 4.5C17.1716 4.5 16.5 5.17157 16.5 6C16.5 6.82843 17.1716 7.5 18 7.5Z\" fill=\"#28303F\"><\/path><path fill-rule=\"evenodd\" clip-rule=\"evenodd\" d=\"M12 15.25C11.5858 15.25 11.25 15.5858 11.25 16V17C11.25 17.4142 11.5858 17.75 12 17.75C12.4142 17.75 12.75 17.4142 12.75 17V16C12.75 15.5858 12.4142 15.25 12 15.25Z\" fill=\"#28303F\"><\/path><path fill-rule=\"evenodd\" clip-rule=\"evenodd\" d=\"M12 10.75C11.5858 10.75 11.25 11.0858 11.25 11.5V12.5C11.25 12.9142 11.5858 13.25 12 13.25C12.4142 13.25 12.75 12.9142 12.75 12.5V11.5C12.75 11.0858 12.4142 10.75 12 10.75Z\" fill=\"#28303F\"><\/path><path fill-rule=\"evenodd\" clip-rule=\"evenodd\" d=\"M12 6.25C11.5858 6.25 11.25 6.58579 11.25 7V8C11.25 8.41421 11.5858 8.75 12 8.75C12.4142 8.75 12.75 8.41421 12.75 8V7C12.75 6.58579 12.4142 6.25 12 6.25Z\" fill=\"#28303F\"><\/path><\/g><\/svg>\t\t\t\t\t\t<\/span>\n\t\t\t\t\t\t\t\t\t\t<span class=\"elementor-icon-list-text\">Adresas: Laisv\u0117s pr. 58-603, Vilnius<\/span>\n\t\t\t\t\t\t\t\t\t<\/li>\n\t\t\t\t\t\t\t\t<li class=\"elementor-icon-list-item\">\n\t\t\t\t\t\t\t\t\t\t\t<span class=\"elementor-icon-list-icon\">\n\t\t\t\t\t\t\t<svg xmlns=\"http:\/\/www.w3.org\/2000\/svg\" height=\"24\" width=\"24\" viewbox=\"0 0 24 24\"><title>Clock Circle<\/title><g class=\"nc-icon-wrapper\"><circle opacity=\"0.4\" cx=\"12\" cy=\"12\" r=\"10\" fill=\"#28303F\"><\/circle><path fill-rule=\"evenodd\" clip-rule=\"evenodd\" d=\"M12 8.25C12.4142 8.25 12.75 8.58579 12.75 9V11.382C12.75 11.4767 12.8035 11.5632 12.8882 11.6056L14.3354 12.3292C14.7059 12.5144 14.8561 12.9649 14.6708 13.3354C14.4856 13.7059 14.0351 13.8561 13.6646 13.6708L12.2174 12.9472C11.6245 12.6508 11.25 12.0448 11.25 11.382V9C11.25 8.58579 11.5858 8.25 12 8.25Z\" fill=\"#28303F\"><\/path><\/g><\/svg>\t\t\t\t\t\t<\/span>\n\t\t\t\t\t\t\t\t\t\t<span class=\"elementor-icon-list-text\">Dirbame: Pirmadien\u012f - Penktadien\u012f 8:00 - 17:00<\/span>\n\t\t\t\t\t\t\t\t\t<\/li>\n\t\t\t\t\t\t<\/ul>\n\t\t\t\t\t\t<\/div>\n\t\t\t\t<\/div>\n\t\t\t\t<\/div>\n\t\t<div class=\"elementor-element elementor-element-4fc7941 e-con-full e-flex e-con e-child\" data-id=\"4fc7941\" data-element_type=\"container\" data-e-type=\"container\">\n\t\t\t\t<div class=\"elementor-element elementor-element-7bb0c97 elementor-widget elementor-widget-text-editor\" data-id=\"7bb0c97\" data-element_type=\"widget\" data-e-type=\"widget\" data-widget_type=\"text-editor.default\">\n\t\t\t\t<div class=\"elementor-widget-container\">\n\t\t\t\t\t\t\t\t\t<p>Atsi\u0173skite u\u017eklausos form\u0105<\/p>\t\t\t\t\t\t\t\t<\/div>\n\t\t\t\t<\/div>\n\t\t\t\t<div class=\"elementor-element elementor-element-3258951 elementor-widget elementor-widget-shortcode\" data-id=\"3258951\" data-element_type=\"widget\" data-e-type=\"widget\" data-widget_type=\"shortcode.default\">\n\t\t\t\t<div class=\"elementor-widget-container\">\n\t\t\t\t\t\t\t<div class=\"elementor-shortcode\">\n<div class=\"wpcf7 no-js\" id=\"wpcf7-f6-o1\" lang=\"lt-LT\" dir=\"ltr\" data-wpcf7-id=\"6\">\n<div class=\"screen-reader-response\"><p role=\"status\" aria-live=\"polite\" aria-atomic=\"true\"><\/p> <ul><\/ul><\/div>\n<form action=\"\/en\/wp-json\/wp\/v2\/pages\/846#wpcf7-f6-o1\" method=\"post\" class=\"wpcf7-form init\" aria-label=\"Kontakt\u0173 forma\" novalidate=\"novalidate\" data-status=\"init\" data-trp-original-action=\"\/en\/wp-json\/wp\/v2\/pages\/846#wpcf7-f6-o1\">\n<fieldset class=\"hidden-fields-container\"><input type=\"hidden\" name=\"_wpcf7\" value=\"6\" \/><input type=\"hidden\" name=\"_wpcf7_version\" value=\"6.1.5\" \/><input type=\"hidden\" name=\"_wpcf7_locale\" value=\"lt_LT\" \/><input type=\"hidden\" name=\"_wpcf7_unit_tag\" value=\"wpcf7-f6-o1\" \/><input type=\"hidden\" name=\"_wpcf7_container_post\" value=\"0\" \/><input type=\"hidden\" name=\"_wpcf7_posted_data_hash\" value=\"\" \/>\n<\/fieldset>\n<p><label> J\u016bs\u0173 vardas<br \/>\n<span class=\"wpcf7-form-control-wrap\" data-name=\"your-name\"><input size=\"40\" maxlength=\"400\" class=\"wpcf7-form-control wpcf7-text wpcf7-validates-as-required\" autocomplete=\"name\" aria-required=\"true\" aria-invalid=\"false\" value=\"\" type=\"text\" name=\"your-name\" \/><\/span> <\/label>\n<\/p>\n<p><label> J\u016bs\u0173 el. pa\u0161tas<br \/>\n<span class=\"wpcf7-form-control-wrap\" data-name=\"your-email\"><input size=\"40\" maxlength=\"400\" class=\"wpcf7-form-control wpcf7-email wpcf7-validates-as-required wpcf7-text wpcf7-validates-as-email\" autocomplete=\"email\" aria-required=\"true\" aria-invalid=\"false\" value=\"\" type=\"email\" name=\"your-email\" \/><\/span> <\/label>\n<\/p>\n<p><label> Tema<br \/>\n<span class=\"wpcf7-form-control-wrap\" data-name=\"your-subject\"><input size=\"40\" maxlength=\"400\" class=\"wpcf7-form-control wpcf7-text wpcf7-validates-as-required\" aria-required=\"true\" aria-invalid=\"false\" value=\"\" type=\"text\" name=\"your-subject\" \/><\/span> <\/label>\n<\/p>\n<p><label> J\u016bs\u0173 prane\u0161imas (neprivaloma)<br \/>\n<span class=\"wpcf7-form-control-wrap\" data-name=\"your-message\"><textarea cols=\"40\" rows=\"10\" maxlength=\"2000\" class=\"wpcf7-form-control wpcf7-textarea\" aria-invalid=\"false\" name=\"your-message\"><\/textarea><\/span> <\/label>\n<\/p>\n<p><input class=\"wpcf7-form-control wpcf7-submit has-spinner\" type=\"submit\" value=\"Pateikti\" \/>\n<\/p><input type='hidden' class='wpcf7-pum' value='{\"closepopup\":false,\"closedelay\":0,\"openpopup\":false,\"openpopup_id\":0}' \/><div class=\"wpcf7-response-output\" aria-hidden=\"true\"><\/div>\n<input type=\"hidden\" name=\"trp-form-language\" value=\"en\"\/><\/form>\n<\/div>\n<\/div>\n\t\t\t\t\t\t<\/div>\n\t\t\t\t<\/div>\n\t\t\t\t<\/div>\n\t\t\t\t\t<\/div>\n\t\t\t\t<\/div>\n\t\t<div class=\"elementor-element elementor-element-31d38af e-flex e-con-boxed e-con e-parent\" data-id=\"31d38af\" data-element_type=\"container\" data-e-type=\"container\">\n\t\t\t\t\t<div class=\"e-con-inner\">\n\t\t\t\t<div class=\"elementor-element elementor-element-3253987 elementor-widget elementor-widget-image\" data-id=\"3253987\" data-element_type=\"widget\" data-e-type=\"widget\" data-widget_type=\"image.default\">\n\t\t\t\t<div class=\"elementor-widget-container\">\n\t\t\t\t\t\t\t\t\t\t\t\t\t\t\t<img fetchpriority=\"high\" decoding=\"async\" width=\"1280\" height=\"550\" src=\"https:\/\/bmdprekyba.lt\/wp-content\/uploads\/2024\/04\/s.jpg\" class=\"attachment-full size-full wp-image-769\" alt=\"\" srcset=\"https:\/\/bmdprekyba.lt\/wp-content\/uploads\/2024\/04\/s.jpg 1280w, https:\/\/bmdprekyba.lt\/wp-content\/uploads\/2024\/04\/s-18x8.jpg 18w, https:\/\/bmdprekyba.lt\/wp-content\/uploads\/2024\/04\/s-300x129.jpg 300w, https:\/\/bmdprekyba.lt\/wp-content\/uploads\/2024\/04\/s-768x330.jpg 768w, https:\/\/bmdprekyba.lt\/wp-content\/uploads\/2024\/04\/s-1024x440.jpg 1024w, https:\/\/bmdprekyba.lt\/wp-content\/uploads\/2024\/04\/s-640x275.jpg 640w, https:\/\/bmdprekyba.lt\/wp-content\/uploads\/2024\/04\/s-64x28.jpg 64w\" sizes=\"(max-width: 1280px) 100vw, 1280px\" \/>\t\t\t\t\t\t\t\t\t\t\t\t\t\t\t<\/div>\n\t\t\t\t<\/div>\n\t\t\t\t\t<\/div>\n\t\t\t\t<\/div>\n\t\t\t\t<\/div>","protected":false},"excerpt":{"rendered":"<p>Kaip galime Jums pad\u0117ti? Jei turite klausim\u0173, susisiekite su mumis ir atsakysime Jums Calling Klient\u0173 aptarnavimas: +370 653 22434 Mail Fast Para\u0161ykite mums :uzsakymai@bmdprekyba.lt Road Location Adresas: Laisv\u0117s pr. 58-603, Vilnius Clock Circle Dirbame: Pirmadien\u012f &#8211; Penktadien\u012f 8:00 &#8211; 17:00 Atsi\u0173skite u\u017eklausos form\u0105<\/p>","protected":false},"author":1,"featured_media":0,"parent":0,"menu_order":0,"comment_status":"closed","ping_status":"closed","template":"tmpl\/template-fullwidth.php","meta":{"_acf_changed":false,"inline_featured_image":false,"footnotes":""},"class_list":["post-846","page","type-page","status-publish","hentry"],"acf":[],"_links":{"self":[{"href":"https:\/\/bmdprekyba.lt\/en\/wp-json\/wp\/v2\/pages\/846","targetHints":{"allow":["GET"]}}],"collection":[{"href":"https:\/\/bmdprekyba.lt\/en\/wp-json\/wp\/v2\/pages"}],"about":[{"href":"https:\/\/bmdprekyba.lt\/en\/wp-json\/wp\/v2\/types\/page"}],"author":[{"embeddable":true,"href":"https:\/\/bmdprekyba.lt\/en\/wp-json\/wp\/v2\/users\/1"}],"replies":[{"embeddable":true,"href":"https:\/\/bmdprekyba.lt\/en\/wp-json\/wp\/v2\/comments?post=846"}],"version-history":[{"count":0,"href":"https:\/\/bmdprekyba.lt\/en\/wp-json\/wp\/v2\/pages\/846\/revisions"}],"wp:attachment":[{"href":"https:\/\/bmdprekyba.lt\/en\/wp-json\/wp\/v2\/media?parent=846"}],"curies":[{"name":"wp","href":"https:\/\/api.w.org\/{rel}","templated":true}]}}