{"id":25,"date":"2024-02-06T02:50:15","date_gmt":"2024-02-06T02:50:15","guid":{"rendered":"https:\/\/live.21lab.co\/ecomlab\/cart\/"},"modified":"2024-02-06T02:50:15","modified_gmt":"2024-02-06T02:50:15","slug":"cart","status":"publish","type":"page","link":"https:\/\/bmdprekyba.lt\/en\/cart\/","title":{"rendered":"Cart"},"content":{"rendered":"<div data-block-name=\"woocommerce\/cart\" class=\"wp-block-woocommerce-cart alignwide is-loading\">\n<div data-block-name=\"woocommerce\/filled-cart-block\" class=\"wp-block-woocommerce-filled-cart-block\">\n<div data-block-name=\"woocommerce\/cart-items-block\" class=\"wp-block-woocommerce-cart-items-block\">\n<div data-block-name=\"woocommerce\/cart-line-items-block\" class=\"wp-block-woocommerce-cart-line-items-block\"><\/div>\n\n\n\n<div data-block-name=\"woocommerce\/cart-cross-sells-block\" class=\"wp-block-woocommerce-cart-cross-sells-block\">\n<h2 class=\"wp-block-heading has-large-font-size\">You may be interested in\u2026<\/h2>\n\n\n\n<div data-block-name=\"woocommerce\/cart-cross-sells-products-block\" class=\"wp-block-woocommerce-cart-cross-sells-products-block\"><\/div>\n<\/div>\n<\/div>\n\n\n\n<div data-block-name=\"woocommerce\/cart-totals-block\" class=\"wp-block-woocommerce-cart-totals-block\">\n<div data-block-name=\"woocommerce\/cart-order-summary-block\" class=\"wp-block-woocommerce-cart-order-summary-block\">\n<div data-block-name=\"woocommerce\/cart-order-summary-heading-block\" class=\"wp-block-woocommerce-cart-order-summary-heading-block\"><\/div><div data-block-name=\"woocommerce\/cart-order-summary-coupon-form-block\" class=\"wp-block-woocommerce-cart-order-summary-coupon-form-block\"><\/div><div data-block-name=\"woocommerce\/cart-order-summary-totals-block\" class=\"wp-block-woocommerce-cart-order-summary-totals-block\">\n<div data-block-name=\"woocommerce\/cart-order-summary-subtotal-block\" class=\"wp-block-woocommerce-cart-order-summary-subtotal-block\"><\/div>\n<div data-block-name=\"woocommerce\/cart-order-summary-discount-block\" class=\"wp-block-woocommerce-cart-order-summary-discount-block\"><\/div>\n<div data-block-name=\"woocommerce\/cart-order-summary-fee-block\" class=\"wp-block-woocommerce-cart-order-summary-fee-block\"><\/div>\n<div data-block-name=\"woocommerce\/cart-order-summary-shipping-block\" class=\"wp-block-woocommerce-cart-order-summary-shipping-block\"><\/div>\n<div data-block-name=\"woocommerce\/cart-order-summary-taxes-block\" class=\"wp-block-woocommerce-cart-order-summary-taxes-block\"><\/div><\/div>\n<\/div>\n\n\n\n<div data-block-name=\"woocommerce\/cart-express-payment-block\" class=\"wp-block-woocommerce-cart-express-payment-block\"><\/div>\n\n\n\n<div data-block-name=\"woocommerce\/proceed-to-checkout-block\" class=\"wp-block-woocommerce-proceed-to-checkout-block\"><\/div>\n\n\n\n<div data-block-name=\"woocommerce\/cart-accepted-payment-methods-block\" class=\"wp-block-woocommerce-cart-accepted-payment-methods-block\"><\/div>\n<\/div>\n<\/div>\n\n\n\n<div data-block-name=\"woocommerce\/empty-cart-block\" class=\"wp-block-woocommerce-empty-cart-block\">\n<h2 class=\"wp-block-heading has-text-align-center with-empty-cart-icon wc-block-cart__empty-cart__title\">Your cart is currently empty!<\/h2>\n\n\n\n<hr class=\"wp-block-separator has-alpha-channel-opacity is-style-dots\"\/>\n\n\n\n<h2 class=\"wp-block-heading has-text-align-center\">New in store<\/h2>\n\n\n<div data-block-name=\"woocommerce\/product-new\" data-columns=\"4\" data-rows=\"1\" class=\"wc-block-grid wp-block-product-new wp-block-woocommerce-product-new wc-block-product-new has-4-columns\"><ul class=\"wc-block-grid__products\"><li class=\"wc-block-grid__product\">\n\t\t\t\t<a href=\"https:\/\/bmdprekyba.lt\/en\/product\/bluetooth-car-adapter\/\" class=\"wc-block-grid__product-link\">\n\t\t\t\t\t\n\t\t\t\t\t<div class=\"wc-block-grid__product-image\"><img fetchpriority=\"high\" decoding=\"async\" width=\"300\" height=\"400\" src=\"https:\/\/bmdprekyba.lt\/wp-content\/uploads\/2026\/02\/WhatsApp-Image-2026-02-17-at-15.40.45-300x400.jpeg\" class=\"attachment-woocommerce_thumbnail size-woocommerce_thumbnail\" alt=\"Bluetooth Car Adapter\" srcset=\"https:\/\/bmdprekyba.lt\/wp-content\/uploads\/2026\/02\/WhatsApp-Image-2026-02-17-at-15.40.45-300x400.jpeg 300w, https:\/\/bmdprekyba.lt\/wp-content\/uploads\/2026\/02\/WhatsApp-Image-2026-02-17-at-15.40.45-225x300.jpeg 225w, https:\/\/bmdprekyba.lt\/wp-content\/uploads\/2026\/02\/WhatsApp-Image-2026-02-17-at-15.40.45-768x1024.jpeg 768w, https:\/\/bmdprekyba.lt\/wp-content\/uploads\/2026\/02\/WhatsApp-Image-2026-02-17-at-15.40.45-1152x1536.jpeg 1152w, https:\/\/bmdprekyba.lt\/wp-content\/uploads\/2026\/02\/WhatsApp-Image-2026-02-17-at-15.40.45-9x12.jpeg 9w, https:\/\/bmdprekyba.lt\/wp-content\/uploads\/2026\/02\/WhatsApp-Image-2026-02-17-at-15.40.45-640x853.jpeg 640w, https:\/\/bmdprekyba.lt\/wp-content\/uploads\/2026\/02\/WhatsApp-Image-2026-02-17-at-15.40.45-64x85.jpeg 64w, https:\/\/bmdprekyba.lt\/wp-content\/uploads\/2026\/02\/WhatsApp-Image-2026-02-17-at-15.40.45.jpeg 1536w\" sizes=\"(max-width: 300px) 100vw, 300px\" \/><\/div>\n\t\t\t\t\t<div class=\"wc-block-grid__product-title\">Bluetooth Car Adapter<\/div>\n\t\t\t\t<\/a>\n\t\t\t\t<div class=\"wc-block-grid__product-price price\"><span class=\"woocommerce-Price-amount amount\"><span class=\"woocommerce-Price-currencySymbol\">&euro;<\/span>7.00<\/span><\/div>\n\t\t\t\t\n\t\t\t\t<div class=\"wp-block-button wc-block-grid__product-add-to-cart\"><a href=\"\/en\/wp-json\/wp\/v2\/pages\/25?add-to-cart=2858\" aria-label=\"Add to cart: \u201cBluetooth Car Adapter\u201d\" data-quantity=\"1\" data-product_id=\"2858\" data-product_sku=\"\" data-price=\"7\" rel=\"nofollow\" class=\"wp-block-button__link  add_to_cart_button ajax_add_to_cart\" data-no-translation=\"\" data-trp-gettext=\"\" data-no-translation-aria-label=\"\">Add to cart<\/a><\/div>\n\t\t\t<\/li><li class=\"wc-block-grid__product\">\n\t\t\t\t<a href=\"https:\/\/bmdprekyba.lt\/en\/product\/savigreziai-i-metala-42x25-mm\/\" class=\"wc-block-grid__product-link\">\n\t\t\t\t\t\n\t\t\t\t\t<div class=\"wc-block-grid__product-image\"><img decoding=\"async\" width=\"300\" height=\"300\" src=\"https:\/\/bmdprekyba.lt\/wp-content\/uploads\/2026\/02\/Savigreziai-i-metala-plokscia-galvute-LYG-PH-300x300.jpg\" class=\"attachment-woocommerce_thumbnail size-woocommerce_thumbnail\" alt=\"Savigr\u0119\u017eiai \u012f metal\u0105 4,2\u00d725 mm 4 d\u0117\u017e.\" srcset=\"https:\/\/bmdprekyba.lt\/wp-content\/uploads\/2026\/02\/Savigreziai-i-metala-plokscia-galvute-LYG-PH-300x300.jpg 300w, https:\/\/bmdprekyba.lt\/wp-content\/uploads\/2026\/02\/Savigreziai-i-metala-plokscia-galvute-LYG-PH-150x150.jpg 150w, https:\/\/bmdprekyba.lt\/wp-content\/uploads\/2026\/02\/Savigreziai-i-metala-plokscia-galvute-LYG-PH-12x12.jpg 12w, https:\/\/bmdprekyba.lt\/wp-content\/uploads\/2026\/02\/Savigreziai-i-metala-plokscia-galvute-LYG-PH-100x100.jpg 100w, https:\/\/bmdprekyba.lt\/wp-content\/uploads\/2026\/02\/Savigreziai-i-metala-plokscia-galvute-LYG-PH-64x64.jpg 64w, https:\/\/bmdprekyba.lt\/wp-content\/uploads\/2026\/02\/Savigreziai-i-metala-plokscia-galvute-LYG-PH.jpg 600w\" sizes=\"(max-width: 300px) 100vw, 300px\" \/><\/div>\n\t\t\t\t\t<div class=\"wc-block-grid__product-title\">Savigr\u0119\u017eiai \u012f metal\u0105 4,2\u00d725 mm 4 d\u0117\u017e.<\/div>\n\t\t\t\t<\/a>\n\t\t\t\t<div class=\"wc-block-grid__product-price price\"><span class=\"woocommerce-Price-amount amount\"><span class=\"woocommerce-Price-currencySymbol\">&euro;<\/span>26.00<\/span><\/div>\n\t\t\t\t\n\t\t\t\t<div class=\"wp-block-button wc-block-grid__product-add-to-cart\"><a href=\"\/en\/wp-json\/wp\/v2\/pages\/25?add-to-cart=2850\" aria-label=\"Add to cart: \u201cSavigr\u0119\u017eiai \u012f metal\u0105 4,2\u00d725 mm 4 d\u0117\u017e.\u201d\" data-quantity=\"1\" data-product_id=\"2850\" data-product_sku=\"\" data-price=\"26\" rel=\"nofollow\" class=\"wp-block-button__link  add_to_cart_button ajax_add_to_cart\" data-no-translation=\"\" data-trp-gettext=\"\" data-no-translation-aria-label=\"\">Add to cart<\/a><\/div>\n\t\t\t<\/li><li class=\"wc-block-grid__product\">\n\t\t\t\t<a href=\"https:\/\/bmdprekyba.lt\/en\/product\/savigreziai-i-metala-42x19-mm\/\" class=\"wc-block-grid__product-link\">\n\t\t\t\t\t\n\t\t\t\t\t<div class=\"wc-block-grid__product-image\"><img decoding=\"async\" width=\"300\" height=\"300\" src=\"https:\/\/bmdprekyba.lt\/wp-content\/uploads\/2026\/02\/Savigreziai-i-metala-plokscia-galvute-LYG-PH-300x300.jpg\" class=\"attachment-woocommerce_thumbnail size-woocommerce_thumbnail\" alt=\"Savigr\u0119\u017eiai \u012f metal\u0105 4,2\u00d719 mm 4 d\u0117\u017e.\" srcset=\"https:\/\/bmdprekyba.lt\/wp-content\/uploads\/2026\/02\/Savigreziai-i-metala-plokscia-galvute-LYG-PH-300x300.jpg 300w, https:\/\/bmdprekyba.lt\/wp-content\/uploads\/2026\/02\/Savigreziai-i-metala-plokscia-galvute-LYG-PH-150x150.jpg 150w, https:\/\/bmdprekyba.lt\/wp-content\/uploads\/2026\/02\/Savigreziai-i-metala-plokscia-galvute-LYG-PH-12x12.jpg 12w, https:\/\/bmdprekyba.lt\/wp-content\/uploads\/2026\/02\/Savigreziai-i-metala-plokscia-galvute-LYG-PH-100x100.jpg 100w, https:\/\/bmdprekyba.lt\/wp-content\/uploads\/2026\/02\/Savigreziai-i-metala-plokscia-galvute-LYG-PH-64x64.jpg 64w, https:\/\/bmdprekyba.lt\/wp-content\/uploads\/2026\/02\/Savigreziai-i-metala-plokscia-galvute-LYG-PH.jpg 600w\" sizes=\"(max-width: 300px) 100vw, 300px\" \/><\/div>\n\t\t\t\t\t<div class=\"wc-block-grid__product-title\">Savigr\u0119\u017eiai \u012f metal\u0105 4,2\u00d719 mm 4 d\u0117\u017e.<\/div>\n\t\t\t\t<\/a>\n\t\t\t\t<div class=\"wc-block-grid__product-price price\"><span class=\"woocommerce-Price-amount amount\"><span class=\"woocommerce-Price-currencySymbol\">&euro;<\/span>26.00<\/span><\/div>\n\t\t\t\t\n\t\t\t\t<div class=\"wp-block-button wc-block-grid__product-add-to-cart\"><a href=\"\/en\/wp-json\/wp\/v2\/pages\/25?add-to-cart=2848\" aria-label=\"Add to cart: \u201cSavigr\u0119\u017eiai \u012f metal\u0105 4,2\u00d719 mm 4 d\u0117\u017e.\u201d\" data-quantity=\"1\" data-product_id=\"2848\" data-product_sku=\"\" data-price=\"26\" rel=\"nofollow\" class=\"wp-block-button__link  add_to_cart_button ajax_add_to_cart\" data-no-translation=\"\" data-trp-gettext=\"\" data-no-translation-aria-label=\"\">Add to cart<\/a><\/div>\n\t\t\t<\/li><li class=\"wc-block-grid__product\">\n\t\t\t\t<a href=\"https:\/\/bmdprekyba.lt\/en\/product\/gkp-savisriegiai-i-medi-35x45-mm\/\" class=\"wc-block-grid__product-link\">\n\t\t\t\t\t\n\t\t\t\t\t<div class=\"wc-block-grid__product-image\"><img loading=\"lazy\" decoding=\"async\" width=\"300\" height=\"200\" src=\"https:\/\/bmdprekyba.lt\/wp-content\/uploads\/2026\/02\/0530735_savisriegiai-i-medi-gkp-3-5x41-c41f-500-4771603504153_550-300x200.jpeg\" class=\"attachment-woocommerce_thumbnail size-woocommerce_thumbnail\" alt=\"GKP savisriegiai \u012f med\u012f 3,5\u00d745 mm 4 d\u0117\u017e.\" srcset=\"https:\/\/bmdprekyba.lt\/wp-content\/uploads\/2026\/02\/0530735_savisriegiai-i-medi-gkp-3-5x41-c41f-500-4771603504153_550-300x200.jpeg 300w, https:\/\/bmdprekyba.lt\/wp-content\/uploads\/2026\/02\/0530735_savisriegiai-i-medi-gkp-3-5x41-c41f-500-4771603504153_550-18x12.jpeg 18w, https:\/\/bmdprekyba.lt\/wp-content\/uploads\/2026\/02\/0530735_savisriegiai-i-medi-gkp-3-5x41-c41f-500-4771603504153_550-64x43.jpeg 64w, https:\/\/bmdprekyba.lt\/wp-content\/uploads\/2026\/02\/0530735_savisriegiai-i-medi-gkp-3-5x41-c41f-500-4771603504153_550.jpeg 550w\" sizes=\"(max-width: 300px) 100vw, 300px\" \/><\/div>\n\t\t\t\t\t<div class=\"wc-block-grid__product-title\">GKP savisriegiai \u012f med\u012f 3,5\u00d745 mm 4 d\u0117\u017e.<\/div>\n\t\t\t\t<\/a>\n\t\t\t\t<div class=\"wc-block-grid__product-price price\"><span class=\"woocommerce-Price-amount amount\"><span class=\"woocommerce-Price-currencySymbol\">&euro;<\/span>25.00<\/span><\/div>\n\t\t\t\t\n\t\t\t\t<div class=\"wp-block-button wc-block-grid__product-add-to-cart\"><a href=\"\/en\/wp-json\/wp\/v2\/pages\/25?add-to-cart=2847\" aria-label=\"Add to cart: \u201cGKP savisriegiai \u012f med\u012f 3,5\u00d745 mm 4 d\u0117\u017e.\u201d\" data-quantity=\"1\" data-product_id=\"2847\" data-product_sku=\"\" data-price=\"25\" rel=\"nofollow\" class=\"wp-block-button__link  add_to_cart_button ajax_add_to_cart\" data-no-translation=\"\" data-trp-gettext=\"\" data-no-translation-aria-label=\"\">Add to cart<\/a><\/div>\n\t\t\t<\/li><\/ul><\/div><\/div>\n<\/div>","protected":false},"excerpt":{"rendered":"","protected":false},"author":1,"featured_media":0,"parent":0,"menu_order":0,"comment_status":"closed","ping_status":"closed","template":"","meta":{"_acf_changed":false,"inline_featured_image":false,"footnotes":""},"class_list":["post-25","page","type-page","status-publish","hentry"],"acf":[],"_links":{"self":[{"href":"https:\/\/bmdprekyba.lt\/en\/wp-json\/wp\/v2\/pages\/25","targetHints":{"allow":["GET"]}}],"collection":[{"href":"https:\/\/bmdprekyba.lt\/en\/wp-json\/wp\/v2\/pages"}],"about":[{"href":"https:\/\/bmdprekyba.lt\/en\/wp-json\/wp\/v2\/types\/page"}],"author":[{"embeddable":true,"href":"https:\/\/bmdprekyba.lt\/en\/wp-json\/wp\/v2\/users\/1"}],"replies":[{"embeddable":true,"href":"https:\/\/bmdprekyba.lt\/en\/wp-json\/wp\/v2\/comments?post=25"}],"version-history":[{"count":0,"href":"https:\/\/bmdprekyba.lt\/en\/wp-json\/wp\/v2\/pages\/25\/revisions"}],"wp:attachment":[{"href":"https:\/\/bmdprekyba.lt\/en\/wp-json\/wp\/v2\/media?parent=25"}],"curies":[{"name":"wp","href":"https:\/\/api.w.org\/{rel}","templated":true}]}}